{"id":33,"date":"2025-11-24T13:58:35","date_gmt":"2025-11-24T12:58:35","guid":{"rendered":"https:\/\/amcatering3000.com\/?page_id=33"},"modified":"2025-12-11T09:41:35","modified_gmt":"2025-12-11T08:41:35","slug":"actualitat","status":"publish","type":"page","link":"https:\/\/amcatering3000.com\/es\/actualitat\/","title":{"rendered":"Actualitat"},"content":{"rendered":"\n<style type=\"text\/css\" data-created_by=\"avia_inline_auto\" id=\"style-css-av-av_section-bd1937adf409b7d5f7eea8c0713e2945\">\n.avia-section.av-av_section-bd1937adf409b7d5f7eea8c0713e2945{\nbackground-color:#0f1a1a;\nbackground-image:unset;\n}\n<\/style>\n<div id='av_section_1'  class='avia-section av-av_section-bd1937adf409b7d5f7eea8c0713e2945 main_color avia-section-default avia-no-border-styling  avia-builder-el-0  el_before_av_section  avia-builder-el-first  avia-bg-style-scroll container_wrap fullsize'  ><div class='container av-section-cont-open' ><main  role=\"main\" itemprop=\"mainContentOfPage\"  class='template-page content  av-content-full alpha units'><div class='post-entry post-entry-type-page post-entry-33'><div class='entry-content-wrapper clearfix'>\n<div  class='flex_column av-av_one_full-6144e218434d03f0d143d4277f5eda07 av_one_full  avia-builder-el-1  avia-builder-el-no-sibling  first flex_column_div  '     ><style type=\"text\/css\" data-created_by=\"avia_inline_auto\" id=\"style-css-av-mj16re0d-d12aeb2b11db45f7539c505c75230cb5\">\n#top .av-special-heading.av-mj16re0d-d12aeb2b11db45f7539c505c75230cb5{\npadding-bottom:10px;\ncolor:#ffffff;\n}\nbody .av-special-heading.av-mj16re0d-d12aeb2b11db45f7539c505c75230cb5 .av-special-heading-tag .heading-char{\nfont-size:25px;\n}\n.av-special-heading.av-mj16re0d-d12aeb2b11db45f7539c505c75230cb5 .special-heading-inner-border{\nborder-color:#ffffff;\n}\n.av-special-heading.av-mj16re0d-d12aeb2b11db45f7539c505c75230cb5 .av-subheading{\nfont-size:15px;\n}\n<\/style>\n<div  class='av-special-heading av-mj16re0d-d12aeb2b11db45f7539c505c75230cb5 av-special-heading-h1 custom-color-heading blockquote modern-quote modern-centered  avia-builder-el-2  avia-builder-el-no-sibling '><h1 class='av-special-heading-tag '  itemprop=\"headline\"  >Actualitat<\/h1><div class=\"special-heading-border\"><div class=\"special-heading-inner-border\"><\/div><\/div><\/div><\/div><\/div><\/div><\/main><!-- close content main element --><\/div><\/div><div id='av_section_2'  class='avia-section av-av_section-adea8c6cefdab71aac3f1bcb564f4c2b main_color avia-section-default avia-no-border-styling  avia-builder-el-3  el_after_av_section  avia-builder-el-last  avia-bg-style-scroll container_wrap fullsize'  ><div class='container av-section-cont-open' ><div class='template-page content  av-content-full alpha units'><div class='post-entry post-entry-type-page post-entry-33'><div class='entry-content-wrapper clearfix'>\n<div  data-slideshow-options=\"{&quot;animation&quot;:&quot;fade&quot;,&quot;autoplay&quot;:false,&quot;loop_autoplay&quot;:&quot;once&quot;,&quot;interval&quot;:5,&quot;loop_manual&quot;:&quot;manual-endless&quot;,&quot;autoplay_stopper&quot;:false,&quot;noNavigation&quot;:false,&quot;show_slide_delay&quot;:90}\" class='avia-content-slider avia-content-grid-active avia-content-slider1 avia-content-slider-even  avia-builder-el-4  avia-builder-el-no-sibling  av-slideshow-ui av-control-default   av-no-slider-navigation av-slideshow-manual av-loop-once av-loop-manual-endless '  itemscope=\"itemscope\" itemtype=\"https:\/\/schema.org\/Blog\" ><div class=\"avia-content-slider-inner\"><div class=\"slide-entry-wrap\"><article class='slide-entry flex_column  post-entry post-entry-227 slide-entry-overview slide-loop-1 slide-parity-odd  av_one_fourth first real-thumbnail posttype-post post-format-standard'  itemscope=\"itemscope\" itemtype=\"https:\/\/schema.org\/CreativeWork\" ><a href='https:\/\/amcatering3000.com\/es\/lorem-ipsum-2\/' data-rel='slide-1' class='slide-image' title='Lorem Ipsum (copy)'><img decoding=\"async\" fetchpriority=\"high\" width=\"260\" height=\"185\" src=\"https:\/\/amcatering3000.com\/wp-content\/uploads\/2025\/11\/verduras-260x185.jpg\" class=\"wp-image-84 avia-img-lazy-loading-not-84 attachment-portfolio_small size-portfolio_small wp-post-image\" alt=\"AmCatering3000 | Gesti\u00f3 de c\u00e0tering\" \/><\/a><div class=\"slide-content\"><header class=\"entry-content-header\" aria-label=\"Slide: Lorem Ipsum (copy)\"><span class=\"blog-categories minor-meta\"><a href=\"https:\/\/amcatering3000.com\/es\/category\/blog\/\" rel=\"tag\">Blog<\/a> <\/span><h3 class='slide-entry-title entry-title '  itemprop=\"headline\" ><a href='https:\/\/amcatering3000.com\/es\/lorem-ipsum-2\/' title='Lorem Ipsum (copy)'>Lorem Ipsum (copy)<\/a><\/h3><span class=\"av-vertical-delimiter\"><\/span><\/header><div class='slide-entry-excerpt entry-content'  itemprop=\"text\" >\r\nLorem ipsum dolor sit amet, consectetur adipiscing elit, sed do eiusmod tempor incididunt ut labore et dolore magna aliqua. Ut enim ad minim veniam, quis nostrud exercitation ullamco laboris nisi ut aliquip ex ea commodo consequat. Duis aute\u2026<\/div><\/div><footer class=\"entry-footer\"><div class=\"slide-meta\"><time class='slide-meta-time updated'  itemprop=\"datePublished\" datetime=\"2025-12-11T12:05:40+01:00\" >11 de diciembre de 2025<\/time><\/div><\/footer><span class='hidden'>\n\t\t\t\t<span class='av-structured-data'  itemprop=\"image\" itemscope=\"itemscope\" itemtype=\"https:\/\/schema.org\/ImageObject\" >\n\t\t\t\t\t\t<span itemprop='url'>https:\/\/amcatering3000.com\/wp-content\/uploads\/2025\/11\/verduras.jpg<\/span>\n\t\t\t\t\t\t<span itemprop='height'>750<\/span>\n\t\t\t\t\t\t<span itemprop='width'>800<\/span>\n\t\t\t\t<\/span>\n\t\t\t\t<span class='av-structured-data'  itemprop=\"publisher\" itemtype=\"https:\/\/schema.org\/Organization\" itemscope=\"itemscope\" >\n\t\t\t\t\t\t<span itemprop='name'>admin<\/span>\n\t\t\t\t\t\t<span itemprop='logo' itemscope itemtype='https:\/\/schema.org\/ImageObject'>\n\t\t\t\t\t\t\t<span itemprop='url'>https:\/\/amcatering3000.com\/wp-content\/uploads\/2025\/11\/am-catering-logo.png<\/span>\n\t\t\t\t\t\t<\/span>\n\t\t\t\t<\/span><span class='av-structured-data'  itemprop=\"author\" itemscope=\"itemscope\" itemtype=\"https:\/\/schema.org\/Person\" ><span itemprop='name'>admin<\/span><\/span><span class='av-structured-data'  itemprop=\"datePublished\" datetime=\"2025-11-24T13:58:35+01:00\" >2025-12-11 12:05:40<\/span><span class='av-structured-data'  itemprop=\"dateModified\" itemtype=\"https:\/\/schema.org\/dateModified\" >2025-12-11 12:05:40<\/span><span class='av-structured-data'  itemprop=\"mainEntityOfPage\" itemtype=\"https:\/\/schema.org\/mainEntityOfPage\" ><span itemprop='name'>Lorem Ipsum (copy)<\/span><\/span><\/span><\/article><article class='slide-entry flex_column  post-entry post-entry-1 slide-entry-overview slide-loop-2 slide-parity-even  post-entry-last  av_one_fourth  real-thumbnail posttype-post post-format-standard'  itemscope=\"itemscope\" itemtype=\"https:\/\/schema.org\/CreativeWork\" ><a href='https:\/\/amcatering3000.com\/es\/lorem-ipsum\/' data-rel='slide-1' class='slide-image' title='Lorem Ipsum'><img decoding=\"async\" fetchpriority=\"high\" width=\"260\" height=\"185\" src=\"https:\/\/amcatering3000.com\/wp-content\/uploads\/2025\/12\/am-about2-260x185.jpg\" class=\"wp-image-124 avia-img-lazy-loading-not-124 attachment-portfolio_small size-portfolio_small wp-post-image\" alt=\"AmCatering3000 | Gesti\u00f3 de c\u00e0tering\" \/><\/a><div class=\"slide-content\"><header class=\"entry-content-header\" aria-label=\"Slide: Lorem Ipsum\"><span class=\"blog-categories minor-meta\"><a href=\"https:\/\/amcatering3000.com\/es\/category\/blog\/\" rel=\"tag\">Blog<\/a> <\/span><h3 class='slide-entry-title entry-title '  itemprop=\"headline\" ><a href='https:\/\/amcatering3000.com\/es\/lorem-ipsum\/' title='Lorem Ipsum'>Lorem Ipsum<\/a><\/h3><span class=\"av-vertical-delimiter\"><\/span><\/header><div class='slide-entry-excerpt entry-content'  itemprop=\"text\" >\r\nLorem ipsum dolor sit amet, consectetur adipiscing elit, sed do eiusmod tempor incididunt ut labore et dolore magna aliqua. Ut enim ad minim veniam, quis nostrud exercitation ullamco laboris nisi ut aliquip ex ea commodo consequat. Duis aute\u2026<\/div><\/div><footer class=\"entry-footer\"><div class=\"slide-meta\"><time class='slide-meta-time updated'  itemprop=\"datePublished\" datetime=\"2025-10-29T09:37:52+01:00\" >29 de octubre de 2025<\/time><div class=\"slide-meta-del\">\/<\/div><div class=\"slide-meta-comments\"><a href='https:\/\/amcatering3000.com\/es\/lorem-ipsum\/#comments'>1 Comentario<\/a><\/div><\/div><\/footer><span class='hidden'>\n\t\t\t\t<span class='av-structured-data'  itemprop=\"image\" itemscope=\"itemscope\" itemtype=\"https:\/\/schema.org\/ImageObject\" >\n\t\t\t\t\t\t<span itemprop='url'>https:\/\/amcatering3000.com\/wp-content\/uploads\/2025\/12\/am-about2.jpg<\/span>\n\t\t\t\t\t\t<span itemprop='height'>430<\/span>\n\t\t\t\t\t\t<span itemprop='width'>800<\/span>\n\t\t\t\t<\/span>\n\t\t\t\t<span class='av-structured-data'  itemprop=\"publisher\" itemtype=\"https:\/\/schema.org\/Organization\" itemscope=\"itemscope\" >\n\t\t\t\t\t\t<span itemprop='name'>admin<\/span>\n\t\t\t\t\t\t<span itemprop='logo' itemscope itemtype='https:\/\/schema.org\/ImageObject'>\n\t\t\t\t\t\t\t<span itemprop='url'>https:\/\/amcatering3000.com\/wp-content\/uploads\/2025\/11\/am-catering-logo.png<\/span>\n\t\t\t\t\t\t<\/span>\n\t\t\t\t<\/span><span class='av-structured-data'  itemprop=\"author\" itemscope=\"itemscope\" itemtype=\"https:\/\/schema.org\/Person\" ><span itemprop='name'>admin<\/span><\/span><span class='av-structured-data'  itemprop=\"datePublished\" datetime=\"2025-11-24T13:58:35+01:00\" >2025-10-29 09:37:52<\/span><span class='av-structured-data'  itemprop=\"dateModified\" itemtype=\"https:\/\/schema.org\/dateModified\" >2025-12-11 12:06:47<\/span><span class='av-structured-data'  itemprop=\"mainEntityOfPage\" itemtype=\"https:\/\/schema.org\/mainEntityOfPage\" ><span itemprop='name'>Lorem Ipsum<\/span><\/span><\/span><\/article><\/div><\/div><\/div>\n<\/p>\n","protected":false},"excerpt":{"rendered":"","protected":false},"author":1,"featured_media":0,"parent":0,"menu_order":0,"comment_status":"closed","ping_status":"closed","template":"","meta":{"footnotes":""},"class_list":["post-33","page","type-page","status-publish","hentry"],"yoast_head":"<!-- This site is optimized with the Yoast SEO plugin v27.3 - https:\/\/yoast.com\/product\/yoast-seo-wordpress\/ -->\n<title>Actualitat: Nutrici\u00f3, gesti\u00f3 de menjadors i c\u00e0tering - AmCatering3000<\/title>\n<meta name=\"description\" content=\"Informaci\u00f3 i consells per a la gesti\u00f3 de menjadors d&#039;escoles i resid\u00e8ncies. Compliment normatiu i les darreres guies nutricionals.\" \/>\n<meta name=\"robots\" content=\"index, follow, max-snippet:-1, max-image-preview:large, max-video-preview:-1\" \/>\n<link rel=\"canonical\" href=\"https:\/\/amcatering3000.com\/es\/actualitat\/\" \/>\n<meta property=\"og:locale\" content=\"es_ES\" \/>\n<meta property=\"og:type\" content=\"article\" \/>\n<meta property=\"og:title\" content=\"Actualitat: Nutrici\u00f3, gesti\u00f3 de menjadors i c\u00e0tering - AmCatering3000\" \/>\n<meta property=\"og:description\" content=\"Informaci\u00f3 i consells per a la gesti\u00f3 de menjadors d&#039;escoles i resid\u00e8ncies. Compliment normatiu i les darreres guies nutricionals.\" \/>\n<meta property=\"og:url\" content=\"https:\/\/amcatering3000.com\/es\/actualitat\/\" \/>\n<meta property=\"og:site_name\" content=\"AmCatering3000\" \/>\n<meta property=\"article:modified_time\" content=\"2025-12-11T08:41:35+00:00\" \/>\n<meta name=\"twitter:card\" content=\"summary_large_image\" \/>\n<meta name=\"twitter:label1\" content=\"Tiempo de lectura\" \/>\n\t<meta name=\"twitter:data1\" content=\"1 minuto\" \/>\n<script type=\"application\/ld+json\" class=\"yoast-schema-graph\">{\"@context\":\"https:\\\/\\\/schema.org\",\"@graph\":[{\"@type\":\"WebPage\",\"@id\":\"https:\\\/\\\/amcatering3000.com\\\/es\\\/actualitat\\\/\",\"url\":\"https:\\\/\\\/amcatering3000.com\\\/es\\\/actualitat\\\/\",\"name\":\"Actualitat: Nutrici\u00f3, gesti\u00f3 de menjadors i c\u00e0tering - AmCatering3000\",\"isPartOf\":{\"@id\":\"https:\\\/\\\/amcatering3000.com\\\/es\\\/#website\"},\"datePublished\":\"2025-11-24T12:58:35+00:00\",\"dateModified\":\"2025-12-11T08:41:35+00:00\",\"description\":\"Informaci\u00f3 i consells per a la gesti\u00f3 de menjadors d'escoles i resid\u00e8ncies. Compliment normatiu i les darreres guies nutricionals.\",\"breadcrumb\":{\"@id\":\"https:\\\/\\\/amcatering3000.com\\\/es\\\/actualitat\\\/#breadcrumb\"},\"inLanguage\":\"es\",\"potentialAction\":[{\"@type\":\"ReadAction\",\"target\":[\"https:\\\/\\\/amcatering3000.com\\\/es\\\/actualitat\\\/\"]}]},{\"@type\":\"BreadcrumbList\",\"@id\":\"https:\\\/\\\/amcatering3000.com\\\/es\\\/actualitat\\\/#breadcrumb\",\"itemListElement\":[{\"@type\":\"ListItem\",\"position\":1,\"name\":\"Portada\",\"item\":\"https:\\\/\\\/amcatering3000.com\\\/es\\\/inici\\\/\"},{\"@type\":\"ListItem\",\"position\":2,\"name\":\"Actualitat\"}]},{\"@type\":\"WebSite\",\"@id\":\"https:\\\/\\\/amcatering3000.com\\\/es\\\/#website\",\"url\":\"https:\\\/\\\/amcatering3000.com\\\/es\\\/\",\"name\":\"AmCatering3000\",\"description\":\"\",\"potentialAction\":[{\"@type\":\"SearchAction\",\"target\":{\"@type\":\"EntryPoint\",\"urlTemplate\":\"https:\\\/\\\/amcatering3000.com\\\/es\\\/?s={search_term_string}\"},\"query-input\":{\"@type\":\"PropertyValueSpecification\",\"valueRequired\":true,\"valueName\":\"search_term_string\"}}],\"inLanguage\":\"es\"}]}<\/script>\n<!-- \/ Yoast SEO plugin. -->","yoast_head_json":{"title":"Actualitat: Nutrici\u00f3, gesti\u00f3 de menjadors i c\u00e0tering - AmCatering3000","description":"Informaci\u00f3 i consells per a la gesti\u00f3 de menjadors d'escoles i resid\u00e8ncies. Compliment normatiu i les darreres guies nutricionals.","robots":{"index":"index","follow":"follow","max-snippet":"max-snippet:-1","max-image-preview":"max-image-preview:large","max-video-preview":"max-video-preview:-1"},"canonical":"https:\/\/amcatering3000.com\/es\/actualitat\/","og_locale":"es_ES","og_type":"article","og_title":"Actualitat: Nutrici\u00f3, gesti\u00f3 de menjadors i c\u00e0tering - AmCatering3000","og_description":"Informaci\u00f3 i consells per a la gesti\u00f3 de menjadors d'escoles i resid\u00e8ncies. Compliment normatiu i les darreres guies nutricionals.","og_url":"https:\/\/amcatering3000.com\/es\/actualitat\/","og_site_name":"AmCatering3000","article_modified_time":"2025-12-11T08:41:35+00:00","twitter_card":"summary_large_image","twitter_misc":{"Tiempo de lectura":"1 minuto"},"schema":{"@context":"https:\/\/schema.org","@graph":[{"@type":"WebPage","@id":"https:\/\/amcatering3000.com\/es\/actualitat\/","url":"https:\/\/amcatering3000.com\/es\/actualitat\/","name":"Actualitat: Nutrici\u00f3, gesti\u00f3 de menjadors i c\u00e0tering - AmCatering3000","isPartOf":{"@id":"https:\/\/amcatering3000.com\/es\/#website"},"datePublished":"2025-11-24T12:58:35+00:00","dateModified":"2025-12-11T08:41:35+00:00","description":"Informaci\u00f3 i consells per a la gesti\u00f3 de menjadors d'escoles i resid\u00e8ncies. Compliment normatiu i les darreres guies nutricionals.","breadcrumb":{"@id":"https:\/\/amcatering3000.com\/es\/actualitat\/#breadcrumb"},"inLanguage":"es","potentialAction":[{"@type":"ReadAction","target":["https:\/\/amcatering3000.com\/es\/actualitat\/"]}]},{"@type":"BreadcrumbList","@id":"https:\/\/amcatering3000.com\/es\/actualitat\/#breadcrumb","itemListElement":[{"@type":"ListItem","position":1,"name":"Portada","item":"https:\/\/amcatering3000.com\/es\/inici\/"},{"@type":"ListItem","position":2,"name":"Actualitat"}]},{"@type":"WebSite","@id":"https:\/\/amcatering3000.com\/es\/#website","url":"https:\/\/amcatering3000.com\/es\/","name":"AmCatering3000","description":"","potentialAction":[{"@type":"SearchAction","target":{"@type":"EntryPoint","urlTemplate":"https:\/\/amcatering3000.com\/es\/?s={search_term_string}"},"query-input":{"@type":"PropertyValueSpecification","valueRequired":true,"valueName":"search_term_string"}}],"inLanguage":"es"}]}},"_links":{"self":[{"href":"https:\/\/amcatering3000.com\/es\/wp-json\/wp\/v2\/pages\/33","targetHints":{"allow":["GET"]}}],"collection":[{"href":"https:\/\/amcatering3000.com\/es\/wp-json\/wp\/v2\/pages"}],"about":[{"href":"https:\/\/amcatering3000.com\/es\/wp-json\/wp\/v2\/types\/page"}],"author":[{"embeddable":true,"href":"https:\/\/amcatering3000.com\/es\/wp-json\/wp\/v2\/users\/1"}],"replies":[{"embeddable":true,"href":"https:\/\/amcatering3000.com\/es\/wp-json\/wp\/v2\/comments?post=33"}],"version-history":[{"count":0,"href":"https:\/\/amcatering3000.com\/es\/wp-json\/wp\/v2\/pages\/33\/revisions"}],"wp:attachment":[{"href":"https:\/\/amcatering3000.com\/es\/wp-json\/wp\/v2\/media?parent=33"}],"curies":[{"name":"wp","href":"https:\/\/api.w.org\/{rel}","templated":true}]}}