{"id":31,"date":"2025-11-24T13:58:22","date_gmt":"2025-11-24T12:58:22","guid":{"rendered":"https:\/\/amcatering3000.com\/?page_id=31"},"modified":"2025-12-10T16:21:33","modified_gmt":"2025-12-10T15:21:33","slug":"contacte","status":"publish","type":"page","link":"https:\/\/amcatering3000.com\/es\/contacte\/","title":{"rendered":"Contacte"},"content":{"rendered":"\n<style type=\"text\/css\" data-created_by=\"avia_inline_auto\" id=\"style-css-av-1rtv3-0ade14820938fe0de3c85ce725937002\">\n.avia-section.av-1rtv3-0ade14820938fe0de3c85ce725937002{\nbackground-color:#0f1a1a;\nbackground-image:unset;\n}\n<\/style>\n<div id='av_section_1'  class='avia-section av-1rtv3-0ade14820938fe0de3c85ce725937002 main_color avia-section-default avia-no-border-styling  avia-builder-el-0  el_before_av_section  avia-builder-el-first  avia-bg-style-scroll container_wrap fullsize'  ><div class='container av-section-cont-open' ><main  role=\"main\" itemprop=\"mainContentOfPage\"  class='template-page content  av-content-full alpha units'><div class='post-entry post-entry-type-page post-entry-31'><div class='entry-content-wrapper clearfix'>\n<div  class='flex_column av-114ir-76689b7e52138809257c54b682ca2519 av_one_full  avia-builder-el-1  avia-builder-el-no-sibling  first flex_column_div  '     ><style type=\"text\/css\" data-created_by=\"avia_inline_auto\" id=\"style-css-av-mj05duxj-6de103527c2d8dd607eed868b77a2057\">\n#top .av-special-heading.av-mj05duxj-6de103527c2d8dd607eed868b77a2057{\npadding-bottom:10px;\ncolor:#ffffff;\n}\nbody .av-special-heading.av-mj05duxj-6de103527c2d8dd607eed868b77a2057 .av-special-heading-tag .heading-char{\nfont-size:25px;\n}\n.av-special-heading.av-mj05duxj-6de103527c2d8dd607eed868b77a2057 .special-heading-inner-border{\nborder-color:#ffffff;\n}\n.av-special-heading.av-mj05duxj-6de103527c2d8dd607eed868b77a2057 .av-subheading{\nfont-size:15px;\n}\n<\/style>\n<div  class='av-special-heading av-mj05duxj-6de103527c2d8dd607eed868b77a2057 av-special-heading-h1 custom-color-heading blockquote modern-quote modern-centered  avia-builder-el-2  avia-builder-el-no-sibling '><h1 class='av-special-heading-tag '  itemprop=\"headline\"  >Contacte<\/h1><div class=\"special-heading-border\"><div class=\"special-heading-inner-border\"><\/div><\/div><\/div><\/div>\n\n<\/div><\/div><\/main><!-- close content main element --><\/div><\/div>\n<style type=\"text\/css\" data-created_by=\"avia_inline_auto\" id=\"style-css-av-371x7-1d3bea6f307fd2e53dcaf9fe68cf0433\">\n.avia-section.av-371x7-1d3bea6f307fd2e53dcaf9fe68cf0433{\nbackground-repeat:no-repeat;\nbackground-image:url(https:\/\/amcatering3000.com\/wp-content\/uploads\/2025\/11\/Absctrac-Background.png);\nbackground-position:50% 50%;\nbackground-attachment:scroll;\n}\n<\/style>\n<div id='av_section_2'  class='avia-section av-371x7-1d3bea6f307fd2e53dcaf9fe68cf0433 main_color avia-section-huge avia-no-border-styling  avia-builder-el-3  el_after_av_section  avia-builder-el-last  avia-full-stretch avia-bg-style-scroll container_wrap fullsize'  data-section-bg-repeat='stretch'><div class='container av-section-cont-open' ><div class='template-page content  av-content-full alpha units'><div class='post-entry post-entry-type-page post-entry-31'><div class='entry-content-wrapper clearfix'>\n<div  class='flex_column av-2rnln-87ece36279affaf66c219993ce9531df av_one_half  avia-builder-el-4  el_before_av_one_half  avia-builder-el-first  first flex_column_div  '     ><p>\n<style type=\"text\/css\" data-created_by=\"avia_inline_auto\" id=\"style-css-av-mj05gfki-46e87ffec9e4f62bcd6cadddd16e6ba7\">\n#top .av-special-heading.av-mj05gfki-46e87ffec9e4f62bcd6cadddd16e6ba7{\npadding-bottom:10px;\n}\nbody .av-special-heading.av-mj05gfki-46e87ffec9e4f62bcd6cadddd16e6ba7 .av-special-heading-tag .heading-char{\nfont-size:25px;\n}\n.av-special-heading.av-mj05gfki-46e87ffec9e4f62bcd6cadddd16e6ba7 .av-subheading{\nfont-size:17px;\n}\n<\/style>\n<div  class='av-special-heading av-mj05gfki-46e87ffec9e4f62bcd6cadddd16e6ba7 av-special-heading-h2 blockquote modern-quote  avia-builder-el-5  el_before_av_textblock  avia-builder-el-first '><div class='av-subheading av-subheading_above'><p>Especialistes en el benestar de l\u2019usuari<\/p>\n<\/div><h2 class='av-special-heading-tag '  itemprop=\"headline\"  >Sol\u00b7liciti el seu <span style=\"color: #f29100;\">pressupost de c\u00e0tering <\/span>sense comprom\u00eds<\/h2><div class=\"special-heading-border\"><div class=\"special-heading-inner-border\"><\/div><\/div><\/div><br \/>\n<section  class='av_textblock_section av-mj05gq6t-395f78bed7c5e231a1a1330f6c7e2463 '   itemscope=\"itemscope\" itemtype=\"https:\/\/schema.org\/CreativeWork\" ><div class='avia_textblock'  itemprop=\"text\" ><p style=\"text-align: left;\">Estem preparats per resoldre qualsevol consulta sobre la gesti\u00f3 integral de menjadors, diet\u00e8tica o serveis. Ompli el formulari i un assessor es posar\u00e0 en contacte amb vost\u00e8 amb la m\u00e0xima brevetat.<\/p>\n<\/div><\/section><br \/>\n\n<style type=\"text\/css\" data-created_by=\"avia_inline_auto\" id=\"style-css-av-mj05npgv-8eacf7ba517b79d6db10897364b54c08\">\n#top .avia-icon-list-container.av-mj05npgv-8eacf7ba517b79d6db10897364b54c08 .iconlist_icon{\ncolor:#f29100;\nbackground-color:#f9f9f9;\n}\n#top .avia-icon-list-container.av-mj05npgv-8eacf7ba517b79d6db10897364b54c08 .iconlist_icon svg:first-child{\nstroke:#f29100;\nfill:#f29100;\n}\n<\/style>\n<div  class='avia-icon-list-container av-mj05npgv-8eacf7ba517b79d6db10897364b54c08  avia-builder-el-7  el_after_av_textblock  avia-builder-el-last '><ul class='avia-icon-list avia_animate_when_almost_visible avia-icon-list-left av-iconlist-big av-mj05npgv-8eacf7ba517b79d6db10897364b54c08 avia-iconlist-animate'>\n<li><div class='iconlist_icon av-mj05nata-d1692a0e400911ee700bc7d36e1dfb2c avia-font-svg_entypo-fontello avia-svg-icon avia-font-svg_entypo-fontello'><span class='av-icon-char' data-av_svg_icon='mobile' data-av_iconset='svg_entypo-fontello'><svg version=\"1.1\" xmlns=\"http:\/\/www.w3.org\/2000\/svg\" width=\"19\" height=\"32\" viewBox=\"0 0 19 32\" preserveAspectRatio=\"xMidYMid meet\" aria-labelledby='av-svg-title-1' aria-describedby='av-svg-desc-1' role=\"graphics-symbol\" aria-hidden=\"true\">\n<title id='av-svg-title-1'>Mobile<\/title>\n<desc id='av-svg-desc-1'>Mobile<\/desc>\n<path d=\"M15.36 0.32q1.344 0 2.272 0.928t0.928 2.272v24.96q0 1.28-0.928 2.24t-2.272 0.96h-12.16q-1.28 0-2.24-0.96t-0.96-2.24v-24.96q0-1.344 0.96-2.272t2.24-0.928h12.16zM9.28 30.4q0.96 0 1.6-0.48t0.64-1.12q0-0.704-0.64-1.152t-1.6-0.448q-0.896 0-1.568 0.48t-0.672 1.12 0.672 1.12 1.568 0.48zM16 25.6v-21.12h-13.44v21.12h13.44z\"><\/path>\n<\/svg><\/span><\/div><article class=\"article-icon-entry av-iconlist-empty\"  itemscope=\"itemscope\" itemtype=\"https:\/\/schema.org\/CreativeWork\" ><div class=\"iconlist_content_wrap\"><header class=\"entry-content-header\" aria-label=\"Icon: &lt;a href=&#039;tel:+34936386329&#039; title=&#039;Tel\u00e9fono: +34 936 386 329&#039; target=&quot;_blank&quot;  rel=&quot;noopener noreferrer&quot;&gt;Tel\u00e9fono: +34 936 386 329&lt;\/a&gt;\"><h4 class='av_iconlist_title iconlist_title  '  itemprop=\"headline\" ><a href='tel:+34936386329' title='Tel\u00e9fono: +34 936 386 329' target=\"_blank\"  rel=\"noopener noreferrer\">Tel\u00e9fono: +34 936 386 329<\/a><\/h4><\/header><div class='iconlist_content '  itemprop=\"text\" ><\/div><\/div><footer class=\"entry-footer\"><\/footer><\/article><div class=\"iconlist-timeline\"><\/div><\/li>\n<li><div class='iconlist_icon av-mj05nata-9327857c1f3f695e5342246d6443cf5a avia-font-entypo-fontello avia-iconfont avia-font-entypo-fontello'><span class='av-icon-char' data-av_icon='\ue805' data-av_iconfont='entypo-fontello' aria-hidden=\"true\"><\/span><\/div><article class=\"article-icon-entry av-iconlist-empty\"  itemscope=\"itemscope\" itemtype=\"https:\/\/schema.org\/CreativeWork\" ><div class=\"iconlist_content_wrap\"><header class=\"entry-content-header\" aria-label=\"Icon: &lt;a href=&#039;mailto:info@amcatering3000.com&#039; title=&#039;Mail: info@amcatering3000.com&#039; target=&quot;_blank&quot;  rel=&quot;noopener noreferrer&quot;&gt;Mail: info@amcatering3000.com&lt;\/a&gt;\"><h4 class='av_iconlist_title iconlist_title  '  itemprop=\"headline\" ><a href='mailto:info@amcatering3000.com' title='Mail: info@amcatering3000.com' target=\"_blank\"  rel=\"noopener noreferrer\">Mail: info@amcatering3000.com<\/a><\/h4><\/header><div class='iconlist_content '  itemprop=\"text\" ><\/div><\/div><footer class=\"entry-footer\"><\/footer><\/article><div class=\"iconlist-timeline\"><\/div><\/li>\n<li><div class='iconlist_icon av-mj05nata-58bb9b20a41ae0471b80b024407a0bb1 avia-font-svg_entypo-fontello avia-svg-icon avia-font-svg_entypo-fontello'><span class='av-icon-char' data-av_svg_icon='direction' data-av_iconset='svg_entypo-fontello'><svg version=\"1.1\" xmlns=\"http:\/\/www.w3.org\/2000\/svg\" width=\"28\" height=\"32\" viewBox=\"0 0 28 32\" preserveAspectRatio=\"xMidYMid meet\" aria-labelledby='av-svg-title-2' aria-describedby='av-svg-desc-2' role=\"graphics-symbol\" aria-hidden=\"true\">\n<title id='av-svg-title-2'>Direction<\/title>\n<desc id='av-svg-desc-2'>Direction<\/desc>\n<path d=\"M27.136 2.624q0.256 0.256 0.352 0.512t-0.064 0.704-0.32 0.832-0.608 1.248-0.768 1.568q-1.728 3.584-4.704 9.152t-5.024 9.344l-2.112 3.776-1.728-12.16-12.16-1.792q14.144-7.872 22.272-11.776 0.64-0.32 1.536-0.8t1.248-0.64 0.8-0.288 0.736-0.032 0.544 0.352zM24.192 5.696l-9.728 8.96 0.896 7.488z\"><\/path>\n<\/svg><\/span><\/div><article class=\"article-icon-entry av-iconlist-empty\"  itemscope=\"itemscope\" itemtype=\"https:\/\/schema.org\/CreativeWork\" ><div class=\"iconlist_content_wrap\"><header class=\"entry-content-header\" aria-label=\"Icon: Direcci\u00f3: C\/ D\u2019Aribau, 9 local 1, 08303 Matar\u00f3 (Barcelona)\"><h4 class='av_iconlist_title iconlist_title  '  itemprop=\"headline\" >Direcci\u00f3: C\/ D\u2019Aribau, 9 local 1, 08303 Matar\u00f3 (Barcelona)<\/h4><\/header><div class='iconlist_content '  itemprop=\"text\" ><\/div><\/div><footer class=\"entry-footer\"><\/footer><\/article><div class=\"iconlist-timeline\"><\/div><\/li>\n<\/ul><\/div><\/p><\/div><div  class='flex_column av-28cdv-531faae4b831ae718a0d682ce54af878 av_one_half  avia-builder-el-8  el_after_av_one_half  avia-builder-el-last  flex_column_div  '     ><form action=\"https:\/\/amcatering3000.com\/es\/contacte\/\" method=\"post\" data-fields-with-error=\"Found errors in the following field(s):\" class=\"avia_ajax_form av-form-labels-hidden   avia-builder-el-9  avia-builder-el-no-sibling   \" data-avia-form-id=\"1\" data-avia-redirect=''  aria-label='Contact Form' ><fieldset><p class='  first_form  form_element form_element_third' id='element_avia_1_1'><label for=\"avia_1_1\">Nom \/ Empresa <abbr class=\"required\" title=\"requerido\">*<\/abbr><\/label> <input name=\"avia_1_1\" class=\"text_input is_empty\" type=\"text\" id=\"avia_1_1\" value=\"\"  placeholder='Nom \/ Empresa*'\/><\/p><p class='  form_element form_element_third' id='element_avia_2_1'><label for=\"avia_2_1\">E-Mail <abbr class=\"required\" title=\"requerido\">*<\/abbr><\/label> <input name=\"avia_2_1\" class=\"text_input is_email\" type=\"text\" id=\"avia_2_1\" value=\"\"  placeholder='E-Mail*'\/><\/p><p class='  form_element form_element_third' id='element_avia_3_1'><label for=\"avia_3_1\">Tel\u00e9fono<\/label> <input name=\"avia_3_1\" class=\"text_input \" type=\"text\" id=\"avia_3_1\" value=\"\"  placeholder='Tel\u00e9fono'\/><\/p><p class='  first_form  form_element form_fullwidth' id='element_avia_4_1'><label for=\"avia_4_1\">Assumpte <abbr class=\"required\" title=\"requerido\">*<\/abbr><\/label> <input name=\"avia_4_1\" class=\"text_input is_empty\" type=\"text\" id=\"avia_4_1\" value=\"\"  placeholder='Assumpte*'\/><\/p><p class='  first_form  form_element form_fullwidth' id='element_avia_5_1'><label for=\"avia_5_1\" class=\"textare_label hidden textare_label_avia_5_1\">Message <abbr class=\"required\" title=\"requerido\">*<\/abbr><\/label><textarea  placeholder='Message*' name=\"avia_5_1\" class=\"text_area is_empty\" cols=\"40\" rows=\"7\" id=\"avia_5_1\" ><\/textarea><\/p><p class=\"hidden\"><input type=\"text\" name=\"avia_6_1\" class=\"hidden \" id=\"avia_6_1\" value=\"\" \/><\/p><div id='avia_7_1' class='av-recaptcha-area  first_form  form_element form_fullwidth '  data-container_class=\"\" data-custom_class=\"\" data-context=\"av_contact_form\" data-token_input=\"av_recaptcha_token\" data-version=\"avia_recaptcha_v3\" data-theme=\"light\" data-size=\"normal\" data-score=\"0.5\" data-text_to_preview=\"\" data-value=\"\"><div class=\"av-google-badge-message hidden\">This site is protected by reCAPTCHA and the Google <a href=\"https:\/\/policies.google.com\/privacy\">Privacy Policy<\/a> and <a href=\"https:\/\/policies.google.com\/terms\">Terms of Service<\/a> apply.<\/div><\/div><p class=\"form_element \"><input type=\"hidden\" value=\"1\" name=\"avia_generated_form1\" \/><input type=\"submit\" value=\"Submit\" class=\"button\"  data-sending-label=\"Enviando\"\/><\/p><\/fieldset><div class=\"avia-disabled-form\">Este formulario de contacto est\u00e1 desactivado porque rechazaste aceptar el servicio de Google reCaptcha, que es necesario para validar los mensajes enviados a trav\u00e9s del formulario.<\/div><\/form><div id=\"ajaxresponse_1\" class=\"ajaxresponse ajaxresponse_1 hidden\"><\/div><\/div>\n","protected":false},"excerpt":{"rendered":"","protected":false},"author":1,"featured_media":0,"parent":0,"menu_order":0,"comment_status":"closed","ping_status":"closed","template":"","meta":{"footnotes":""},"class_list":["post-31","page","type-page","status-publish","hentry"],"yoast_head":"<!-- This site is optimized with the Yoast SEO plugin v27.3 - https:\/\/yoast.com\/product\/yoast-seo-wordpress\/ -->\n<title>Contacte AM c\u00e0tering - Sol\u00b7liciti pressupost - AmCatering3000<\/title>\n<meta name=\"description\" content=\"Necessita pressupost per a c\u00e0tering institucional? Contacti amb nosaltres via formulari, tel\u00e8fon o correu electr\u00f2nic.\" \/>\n<meta name=\"robots\" content=\"index, follow, max-snippet:-1, max-image-preview:large, max-video-preview:-1\" \/>\n<link rel=\"canonical\" href=\"https:\/\/amcatering3000.com\/es\/contacte\/\" \/>\n<meta property=\"og:locale\" content=\"es_ES\" \/>\n<meta property=\"og:type\" content=\"article\" \/>\n<meta property=\"og:title\" content=\"Contacte AM c\u00e0tering - Sol\u00b7liciti pressupost - AmCatering3000\" \/>\n<meta property=\"og:description\" content=\"Necessita pressupost per a c\u00e0tering institucional? Contacti amb nosaltres via formulari, tel\u00e8fon o correu electr\u00f2nic.\" \/>\n<meta property=\"og:url\" content=\"https:\/\/amcatering3000.com\/es\/contacte\/\" \/>\n<meta property=\"og:site_name\" content=\"AmCatering3000\" \/>\n<meta property=\"article:modified_time\" content=\"2025-12-10T15:21:33+00:00\" \/>\n<meta name=\"twitter:card\" content=\"summary_large_image\" \/>\n<meta name=\"twitter:label1\" content=\"Tiempo de lectura\" \/>\n\t<meta name=\"twitter:data1\" content=\"1 minuto\" \/>\n<script type=\"application\/ld+json\" class=\"yoast-schema-graph\">{\"@context\":\"https:\\\/\\\/schema.org\",\"@graph\":[{\"@type\":\"WebPage\",\"@id\":\"https:\\\/\\\/amcatering3000.com\\\/es\\\/contacte\\\/\",\"url\":\"https:\\\/\\\/amcatering3000.com\\\/es\\\/contacte\\\/\",\"name\":\"Contacte AM c\u00e0tering - Sol\u00b7liciti pressupost - AmCatering3000\",\"isPartOf\":{\"@id\":\"https:\\\/\\\/amcatering3000.com\\\/es\\\/#website\"},\"datePublished\":\"2025-11-24T12:58:22+00:00\",\"dateModified\":\"2025-12-10T15:21:33+00:00\",\"description\":\"Necessita pressupost per a c\u00e0tering institucional? Contacti amb nosaltres via formulari, tel\u00e8fon o correu electr\u00f2nic.\",\"breadcrumb\":{\"@id\":\"https:\\\/\\\/amcatering3000.com\\\/es\\\/contacte\\\/#breadcrumb\"},\"inLanguage\":\"es\",\"potentialAction\":[{\"@type\":\"ReadAction\",\"target\":[\"https:\\\/\\\/amcatering3000.com\\\/es\\\/contacte\\\/\"]}]},{\"@type\":\"BreadcrumbList\",\"@id\":\"https:\\\/\\\/amcatering3000.com\\\/es\\\/contacte\\\/#breadcrumb\",\"itemListElement\":[{\"@type\":\"ListItem\",\"position\":1,\"name\":\"Portada\",\"item\":\"https:\\\/\\\/amcatering3000.com\\\/es\\\/inici\\\/\"},{\"@type\":\"ListItem\",\"position\":2,\"name\":\"Contacte\"}]},{\"@type\":\"WebSite\",\"@id\":\"https:\\\/\\\/amcatering3000.com\\\/es\\\/#website\",\"url\":\"https:\\\/\\\/amcatering3000.com\\\/es\\\/\",\"name\":\"AmCatering3000\",\"description\":\"\",\"potentialAction\":[{\"@type\":\"SearchAction\",\"target\":{\"@type\":\"EntryPoint\",\"urlTemplate\":\"https:\\\/\\\/amcatering3000.com\\\/es\\\/?s={search_term_string}\"},\"query-input\":{\"@type\":\"PropertyValueSpecification\",\"valueRequired\":true,\"valueName\":\"search_term_string\"}}],\"inLanguage\":\"es\"}]}<\/script>\n<!-- \/ Yoast SEO plugin. -->","yoast_head_json":{"title":"Contacte AM c\u00e0tering - Sol\u00b7liciti pressupost - AmCatering3000","description":"Necessita pressupost per a c\u00e0tering institucional? Contacti amb nosaltres via formulari, tel\u00e8fon o correu electr\u00f2nic.","robots":{"index":"index","follow":"follow","max-snippet":"max-snippet:-1","max-image-preview":"max-image-preview:large","max-video-preview":"max-video-preview:-1"},"canonical":"https:\/\/amcatering3000.com\/es\/contacte\/","og_locale":"es_ES","og_type":"article","og_title":"Contacte AM c\u00e0tering - Sol\u00b7liciti pressupost - AmCatering3000","og_description":"Necessita pressupost per a c\u00e0tering institucional? Contacti amb nosaltres via formulari, tel\u00e8fon o correu electr\u00f2nic.","og_url":"https:\/\/amcatering3000.com\/es\/contacte\/","og_site_name":"AmCatering3000","article_modified_time":"2025-12-10T15:21:33+00:00","twitter_card":"summary_large_image","twitter_misc":{"Tiempo de lectura":"1 minuto"},"schema":{"@context":"https:\/\/schema.org","@graph":[{"@type":"WebPage","@id":"https:\/\/amcatering3000.com\/es\/contacte\/","url":"https:\/\/amcatering3000.com\/es\/contacte\/","name":"Contacte AM c\u00e0tering - Sol\u00b7liciti pressupost - AmCatering3000","isPartOf":{"@id":"https:\/\/amcatering3000.com\/es\/#website"},"datePublished":"2025-11-24T12:58:22+00:00","dateModified":"2025-12-10T15:21:33+00:00","description":"Necessita pressupost per a c\u00e0tering institucional? Contacti amb nosaltres via formulari, tel\u00e8fon o correu electr\u00f2nic.","breadcrumb":{"@id":"https:\/\/amcatering3000.com\/es\/contacte\/#breadcrumb"},"inLanguage":"es","potentialAction":[{"@type":"ReadAction","target":["https:\/\/amcatering3000.com\/es\/contacte\/"]}]},{"@type":"BreadcrumbList","@id":"https:\/\/amcatering3000.com\/es\/contacte\/#breadcrumb","itemListElement":[{"@type":"ListItem","position":1,"name":"Portada","item":"https:\/\/amcatering3000.com\/es\/inici\/"},{"@type":"ListItem","position":2,"name":"Contacte"}]},{"@type":"WebSite","@id":"https:\/\/amcatering3000.com\/es\/#website","url":"https:\/\/amcatering3000.com\/es\/","name":"AmCatering3000","description":"","potentialAction":[{"@type":"SearchAction","target":{"@type":"EntryPoint","urlTemplate":"https:\/\/amcatering3000.com\/es\/?s={search_term_string}"},"query-input":{"@type":"PropertyValueSpecification","valueRequired":true,"valueName":"search_term_string"}}],"inLanguage":"es"}]}},"_links":{"self":[{"href":"https:\/\/amcatering3000.com\/es\/wp-json\/wp\/v2\/pages\/31","targetHints":{"allow":["GET"]}}],"collection":[{"href":"https:\/\/amcatering3000.com\/es\/wp-json\/wp\/v2\/pages"}],"about":[{"href":"https:\/\/amcatering3000.com\/es\/wp-json\/wp\/v2\/types\/page"}],"author":[{"embeddable":true,"href":"https:\/\/amcatering3000.com\/es\/wp-json\/wp\/v2\/users\/1"}],"replies":[{"embeddable":true,"href":"https:\/\/amcatering3000.com\/es\/wp-json\/wp\/v2\/comments?post=31"}],"version-history":[{"count":0,"href":"https:\/\/amcatering3000.com\/es\/wp-json\/wp\/v2\/pages\/31\/revisions"}],"wp:attachment":[{"href":"https:\/\/amcatering3000.com\/es\/wp-json\/wp\/v2\/media?parent=31"}],"curies":[{"name":"wp","href":"https:\/\/api.w.org\/{rel}","templated":true}]}}