{"id":198,"date":"2025-12-11T11:17:48","date_gmt":"2025-12-11T10:17:48","guid":{"rendered":"https:\/\/amcatering3000.com\/?page_id=198"},"modified":"2025-12-11T11:59:35","modified_gmt":"2025-12-11T10:59:35","slug":"dietetica-i-nutricio","status":"publish","type":"page","link":"https:\/\/amcatering3000.com\/es\/serveis\/dietetica-i-nutricio\/","title":{"rendered":"Diet\u00e8tica i nutrici\u00f3"},"content":{"rendered":"\n<style type=\"text\/css\" data-created_by=\"avia_inline_auto\" id=\"style-css-av-mj02iqau-319c6b71ece32b1061ff7249ea5a8d4c\">\n.avia-section.av-mj02iqau-319c6b71ece32b1061ff7249ea5a8d4c{\nbackground-color:#0f1a1a;\nbackground-image:unset;\n}\n<\/style>\n<div id='av_section_1'  class='avia-section av-mj02iqau-319c6b71ece32b1061ff7249ea5a8d4c main_color avia-section-default avia-no-border-styling  avia-builder-el-0  el_before_av_section  avia-builder-el-first  avia-bg-style-scroll container_wrap fullsize'  ><div class='container av-section-cont-open' ><main  role=\"main\" itemprop=\"mainContentOfPage\"  class='template-page content  av-content-full alpha units'><div class='post-entry post-entry-type-page post-entry-198'><div class='entry-content-wrapper clearfix'>\n<div  class='flex_column av-av_one_fifth-6144e218434d03f0d143d4277f5eda07 av_one_fifth  avia-builder-el-1  el_before_av_three_fifth  avia-builder-el-first  first flex_column_div  '     ><\/div><div  class='flex_column av-1238p-93108acd046684eb7d14bc93d3e78504 av_three_fifth  avia-builder-el-2  el_after_av_one_fifth  el_before_av_one_fifth  flex_column_div  '     ><style type=\"text\/css\" data-created_by=\"avia_inline_auto\" id=\"style-css-av-mj02l0fh-056946701a19cb5de430cb663175220f\">\n#top .av-special-heading.av-mj02l0fh-056946701a19cb5de430cb663175220f{\npadding-bottom:10px;\ncolor:#ffffff;\n}\nbody .av-special-heading.av-mj02l0fh-056946701a19cb5de430cb663175220f .av-special-heading-tag .heading-char{\nfont-size:25px;\n}\n.av-special-heading.av-mj02l0fh-056946701a19cb5de430cb663175220f .special-heading-inner-border{\nborder-color:#ffffff;\n}\n.av-special-heading.av-mj02l0fh-056946701a19cb5de430cb663175220f .av-subheading{\nfont-size:15px;\n}\n<\/style>\n<div  class='av-special-heading av-mj02l0fh-056946701a19cb5de430cb663175220f av-special-heading-h1 custom-color-heading blockquote modern-quote modern-centered  avia-builder-el-3  avia-builder-el-no-sibling '><h1 class='av-special-heading-tag '  itemprop=\"headline\"  >Servei de diet\u00e8tica i nutrici\u00f3 professional per a c\u00e0tering<\/h1><div class=\"special-heading-border\"><div class=\"special-heading-inner-border\"><\/div><\/div><\/div><\/div><div  class='flex_column av-av_one_fifth-d12bf71956fc76b6497e03b58a8db06e av_one_fifth  avia-builder-el-4  el_after_av_three_fifth  avia-builder-el-last  flex_column_div  '     ><\/div><\/div><\/div><\/main><!-- close content main element --><\/div><\/div>\n<style type=\"text\/css\" data-created_by=\"avia_inline_auto\" id=\"style-css-av-crqt-04020066a9033795b3f1b0b3c1f5c830\">\n.avia-section.av-crqt-04020066a9033795b3f1b0b3c1f5c830{\nbackground-color:#f2910021;\nbackground-image:unset;\n}\n<\/style>\n<div id='av_section_2'  class='avia-section av-crqt-04020066a9033795b3f1b0b3c1f5c830 main_color avia-section-huge avia-no-border-styling  avia-builder-el-5  el_after_av_section  avia-builder-el-last  avia-bg-style-scroll container_wrap fullsize'  ><div class='container av-section-cont-open' ><div class='template-page content  av-content-full alpha units'><div class='post-entry post-entry-type-page post-entry-198'><div class='entry-content-wrapper clearfix'>\n<div class='flex_column_table av-2hucx-6e0033f0af5c66fd9d47e4773e8cc5d3 sc-av_three_fifth av-equal-height-column-flextable'>\n<style type=\"text\/css\" data-created_by=\"avia_inline_auto\" id=\"style-css-av-2hucx-6e0033f0af5c66fd9d47e4773e8cc5d3\">\n.flex_column.av-2hucx-6e0033f0af5c66fd9d47e4773e8cc5d3{\nwidth:59.2%;\nmargin-left:0;\n}\n#top .flex_column_table.av-equal-height-column-flextable.av-2hucx-6e0033f0af5c66fd9d47e4773e8cc5d3 .av-flex-placeholder{\nwidth:2%;\n}\n<\/style>\n<div  class='flex_column av-2hucx-6e0033f0af5c66fd9d47e4773e8cc5d3 av_three_fifth  avia-builder-el-6  el_before_av_two_fifth  avia-builder-el-first  first flex_column_table_cell av-equal-height-column av-align-top  '     ><style type=\"text\/css\" data-created_by=\"avia_inline_auto\" id=\"style-css-av-mj04m57n-3f539875e5177c2e7df63ccf82c3ec92\">\n#top .av-special-heading.av-mj04m57n-3f539875e5177c2e7df63ccf82c3ec92{\npadding-bottom:10px;\n}\nbody .av-special-heading.av-mj04m57n-3f539875e5177c2e7df63ccf82c3ec92 .av-special-heading-tag .heading-char{\nfont-size:25px;\n}\n.av-special-heading.av-mj04m57n-3f539875e5177c2e7df63ccf82c3ec92 .av-subheading{\nfont-size:17px;\n}\n<\/style>\n<div  class='av-special-heading av-mj04m57n-3f539875e5177c2e7df63ccf82c3ec92 av-special-heading-h2 blockquote modern-quote  avia-builder-el-7  avia-builder-el-no-sibling '><div class='av-subheading av-subheading_above'><p>El pilar de la nostra qualitat<\/p>\n<\/div><h2 class='av-special-heading-tag '  itemprop=\"headline\"  ><span style=\"color: #f29100;\">Dietistes i nutricionistes<\/span> propis per a c\u00e0tering <\/h2><div class=\"special-heading-border\"><div class=\"special-heading-inner-border\"><\/div><\/div><\/div><\/div><div class='av-flex-placeholder'><\/div>\n<style type=\"text\/css\" data-created_by=\"avia_inline_auto\" id=\"style-css-av-1wt11-1d2f5fb22ec33f80f2583660fd203637\">\n.flex_column.av-1wt11-1d2f5fb22ec33f80f2583660fd203637{\nwidth:38.8%;\nmargin-left:0;\n}\n#top .flex_column_table.av-equal-height-column-flextable.av-1wt11-1d2f5fb22ec33f80f2583660fd203637 .av-flex-placeholder{\nwidth:2%;\n}\n<\/style>\n<div  class='flex_column av-1wt11-1d2f5fb22ec33f80f2583660fd203637 av_two_fifth  avia-builder-el-8  el_after_av_three_fifth  el_before_av_one_half  flex_column_table_cell av-equal-height-column av-align-top  '     ><section  class='av_textblock_section av-mj04m9fd-9902112bdba4d1c7303f8a2907c18c29 '   itemscope=\"itemscope\" itemtype=\"https:\/\/schema.org\/CreativeWork\" ><div class='avia_textblock'  itemprop=\"text\" ><p style=\"text-align: left;\">La nutrici\u00f3 \u00e9s el cor del nostre servei. El nostre equip propi de dietistes i nutricionistes no nom\u00e9s dissenya els men\u00fas, sin\u00f3 que supervisa tota la cadena de valor per garantir la m\u00e0xima qualitat i seguretat aliment\u00e0ria en els menjadors.<\/p>\n<\/div><\/section><\/div><\/div><!--close column table wrapper. Autoclose: 1 --><div class='flex_column_table av-4vep-a6628aba34c85e7ff09aeda62a68a506 sc-av_one_half av-equal-height-column-flextable'>\n<style type=\"text\/css\" data-created_by=\"avia_inline_auto\" id=\"style-css-av-4vep-a6628aba34c85e7ff09aeda62a68a506\">\n.flex_column.av-4vep-a6628aba34c85e7ff09aeda62a68a506{\nwidth:49%;\nmargin-left:0;\n}\n#top .flex_column_table.av-equal-height-column-flextable.av-4vep-a6628aba34c85e7ff09aeda62a68a506 .av-flex-placeholder{\nwidth:2%;\n}\n<\/style>\n<div  class='flex_column av-4vep-a6628aba34c85e7ff09aeda62a68a506 av_one_half  avia-builder-el-10  el_after_av_two_fifth  el_before_av_one_half  first flex_column_table_cell av-equal-height-column av-align-middle  '     ><style type=\"text\/css\" data-created_by=\"avia_inline_auto\" id=\"style-css-av-mj04mq0u-8ae2f45aa5fa8372e3a3e3e540243b67\">\n#top .avia-icon-list-container.av-mj04mq0u-8ae2f45aa5fa8372e3a3e3e540243b67 .iconlist_icon{\ncolor:#000000;\nbackground-color:#fdf1de;\n}\n#top .avia-icon-list-container.av-mj04mq0u-8ae2f45aa5fa8372e3a3e3e540243b67 .iconlist_icon svg:first-child{\nstroke:#000000;\nfill:#000000;\n}\n<\/style>\n<div  class='avia-icon-list-container av-mj04mq0u-8ae2f45aa5fa8372e3a3e3e540243b67  avia-builder-el-11  avia-builder-el-no-sibling '><ul class='avia-icon-list avia_animate_when_almost_visible avia-icon-list-left av-iconlist-big av-mj04mq0u-8ae2f45aa5fa8372e3a3e3e540243b67 avia-iconlist-animate'>\n<li><div class='iconlist_icon av-mj04mnim-68dfe682a8e3e9e776aad0f353ed8276 avia-font-svg_entypo-fontello avia-svg-icon avia-font-svg_entypo-fontello'><span class='av-icon-char' data-av_svg_icon='book-open' data-av_iconset='svg_entypo-fontello'><svg version=\"1.1\" xmlns=\"http:\/\/www.w3.org\/2000\/svg\" width=\"29\" height=\"32\" viewBox=\"0 0 29 32\" preserveAspectRatio=\"xMidYMid meet\" aria-labelledby='av-svg-title-1' aria-describedby='av-svg-desc-1' role=\"graphics-symbol\" aria-hidden=\"true\">\n<title id='av-svg-title-1'>Book-open<\/title>\n<desc id='av-svg-desc-1'>Book-open<\/desc>\n<path d=\"M10.88 19.584v2.176l-6.4-2.56v-2.176zM10.88 12.928v2.176l-6.4-2.56v-2.176zM28.096 1.856q0.704 0.384 0.704 1.344v20.48q0 1.088-1.024 1.472l-12.736 5.12q-0.256 0.064-0.32 0.064t-0.16 0.032-0.16 0.032-0.16-0.032-0.16-0.032l-0.32-0.064-12.736-5.12q-1.024-0.384-1.024-1.472v-20.48q0-0.96 0.704-1.344 0.704-0.512 1.472-0.192l12.224 4.928 12.224-4.928q0.768-0.32 1.472 0.192zM12.8 27.072v-17.92l-10.24-4.096v17.92zM26.24 22.976v-17.92l-10.24 4.096v17.92zM24.32 17.024v2.176l-6.4 2.56v-2.176zM24.32 10.368v2.176l-6.4 2.56v-2.176z\"><\/path>\n<\/svg><\/span><\/div><article class=\"article-icon-entry \"  itemscope=\"itemscope\" itemtype=\"https:\/\/schema.org\/CreativeWork\" ><div class=\"iconlist_content_wrap\"><header class=\"entry-content-header\" aria-label=\"Icon: Men\u00fas equilibrats per a cada etapa de la vida\"><h4 class='av_iconlist_title iconlist_title  '  itemprop=\"headline\" >Men\u00fas equilibrats per a cada etapa de la vida<\/h4><\/header><div class='iconlist_content '  itemprop=\"text\" ><p>Creaci\u00f3 de dietes que cobreixen les necessitats energ\u00e8tiques de cada grup (infants, joves, gent gran) basades en la dieta mediterr\u00e0nia i les guies de salut.<\/p>\n<\/div><\/div><footer class=\"entry-footer\"><\/footer><\/article><div class=\"iconlist-timeline\"><\/div><\/li>\n<li><div class='iconlist_icon av-mj04mnim-7-180d9a87de7dc3105ae288825b481644 avia-font-svg_entypo-fontello avia-svg-icon avia-font-svg_entypo-fontello'><span class='av-icon-char' data-av_svg_icon='leaf' data-av_iconset='svg_entypo-fontello'><svg version=\"1.1\" xmlns=\"http:\/\/www.w3.org\/2000\/svg\" width=\"30\" height=\"32\" viewBox=\"0 0 30 32\" preserveAspectRatio=\"xMidYMid meet\" aria-labelledby='av-svg-title-2' aria-describedby='av-svg-desc-2' role=\"graphics-symbol\" aria-hidden=\"true\">\n<title id='av-svg-title-2'>Leaf<\/title>\n<desc id='av-svg-desc-2'>Leaf<\/desc>\n<path d=\"M7.552 6.528q5.824-3.392 16.192-2.112 5.376 0.704 6.272 1.6 0.128 0.192-0.064 0.32-2.432 1.28-4.16 3.488t-2.496 4.224-2.080 4.224-2.976 3.36q-4.416 3.072-12.224 0.128-2.112 2.432-3.648 5.632-0.384 0.768-1.504 0.224t-0.8-1.248q1.408-3.2 4.128-6.176t5.632-4.896 5.632-3.392 4.512-2.176l1.728-0.64q-0.448 0-1.312 0.032t-3.328 0.448-4.736 1.216-5.184 2.688-5.152 4.512q-0.704-7.744 5.568-11.456z\"><\/path>\n<\/svg><\/span><\/div><article class=\"article-icon-entry \"  itemscope=\"itemscope\" itemtype=\"https:\/\/schema.org\/CreativeWork\" ><div class=\"iconlist_content_wrap\"><header class=\"entry-content-header\" aria-label=\"Icon: Gesti\u00f3 de dietes m\u00e8diques i al\u00b7l\u00e8rgies\"><h4 class='av_iconlist_title iconlist_title  '  itemprop=\"headline\" >Gesti\u00f3 de dietes m\u00e8diques i al\u00b7l\u00e8rgies<\/h4><\/header><div class='iconlist_content '  itemprop=\"text\" ><p>Supervisi\u00f3 i tra\u00e7abilitat rigorosa de totes les dietes especials (sense gluten, sense lactosa, terap\u00e8utiques, etc.), assegurant la seguretat de l&#8217;usuari final.<\/p>\n<\/div><\/div><footer class=\"entry-footer\"><\/footer><\/article><div class=\"iconlist-timeline\"><\/div><\/li>\n<li><div class='iconlist_icon av-mj04mnim-6-70b60c4907459aa537c365d53f5dda24 avia-font-entypo-fontello avia-iconfont avia-font-entypo-fontello'><span class='av-icon-char' data-av_icon='\ue836' data-av_iconfont='entypo-fontello' aria-hidden=\"true\"><\/span><\/div><article class=\"article-icon-entry \"  itemscope=\"itemscope\" itemtype=\"https:\/\/schema.org\/CreativeWork\" ><div class=\"iconlist_content_wrap\"><header class=\"entry-content-header\" aria-label=\"Icon: Auditoria i compliment normatiu constant\"><h4 class='av_iconlist_title iconlist_title  '  itemprop=\"headline\" >Auditoria i compliment normatiu constant<\/h4><\/header><div class='iconlist_content '  itemprop=\"text\" ><p>Auditem els processos i les cuines per garantir que els protocols d&#8217;higiene i el compliment de la normativa vigent s\u00f3n una prioritat di\u00e0ria.<\/p>\n<\/div><\/div><footer class=\"entry-footer\"><\/footer><\/article><div class=\"iconlist-timeline\"><\/div><\/li>\n<\/ul><\/div><\/div><div class='av-flex-placeholder'><\/div>\n<style type=\"text\/css\" data-created_by=\"avia_inline_auto\" id=\"style-css-av-13tth-06bbe92e35338bf709a52639a8f6dc4a\">\n.flex_column.av-13tth-06bbe92e35338bf709a52639a8f6dc4a{\nwidth:49%;\nmargin-left:0;\n}\n#top .flex_column_table.av-equal-height-column-flextable.av-13tth-06bbe92e35338bf709a52639a8f6dc4a .av-flex-placeholder{\nwidth:2%;\n}\n<\/style>\n<div  class='flex_column av-13tth-06bbe92e35338bf709a52639a8f6dc4a av_one_half  avia-builder-el-12  el_after_av_one_half  avia-builder-el-last  flex_column_table_cell av-equal-height-column av-align-middle  '     ><style type=\"text\/css\" data-created_by=\"avia_inline_auto\" id=\"style-css-av-mj04vniy-e6d74cdd22a4f03d3abe975eb2d48256\">\n.avia-image-container.av-mj04vniy-e6d74cdd22a4f03d3abe975eb2d48256 img.avia_image{\nbox-shadow:none;\n}\n.avia-image-container.av-mj04vniy-e6d74cdd22a4f03d3abe975eb2d48256 .av-image-caption-overlay-center{\ncolor:#ffffff;\n}\n<\/style>\n<div  class='avia-image-container av-mj04vniy-e6d74cdd22a4f03d3abe975eb2d48256 av-styling- avia-align-center  avia-builder-el-13  avia-builder-el-no-sibling '   itemprop=\"image\" itemscope=\"itemscope\" itemtype=\"https:\/\/schema.org\/ImageObject\" ><div class=\"avia-image-container-inner\"><div class=\"avia-image-overlay-wrap\"><img decoding=\"async\" fetchpriority=\"high\" class='wp-image-220 avia-img-lazy-loading-not-220 avia_image ' src=\"https:\/\/amcatering3000.com\/wp-content\/uploads\/2025\/12\/dietista.jpg\" alt='AmCatering3000 | Gesti\u00f3 de c\u00e0tering' title='AmCatering3000 | Gesti\u00f3 de c\u00e0tering'  height=\"430\" width=\"800\"  itemprop=\"thumbnailUrl\" srcset=\"https:\/\/amcatering3000.com\/wp-content\/uploads\/2025\/12\/dietista.jpg 800w, https:\/\/amcatering3000.com\/wp-content\/uploads\/2025\/12\/dietista-300x161.jpg 300w, https:\/\/amcatering3000.com\/wp-content\/uploads\/2025\/12\/dietista-768x413.jpg 768w, https:\/\/amcatering3000.com\/wp-content\/uploads\/2025\/12\/dietista-705x379.jpg 705w\" sizes=\"(max-width: 800px) 100vw, 800px\" \/><\/div><\/div><\/div><\/div><\/div><!--close column table wrapper. Autoclose: 1 -->\n<\/p>\n","protected":false},"excerpt":{"rendered":"","protected":false},"author":1,"featured_media":0,"parent":25,"menu_order":0,"comment_status":"closed","ping_status":"closed","template":"","meta":{"footnotes":""},"class_list":["post-198","page","type-page","status-publish","hentry"],"yoast_head":"<!-- This site is optimized with the Yoast SEO plugin v27.3 - https:\/\/yoast.com\/product\/yoast-seo-wordpress\/ -->\n<title>Diet\u00e8tica i nutrici\u00f3 professional per a c\u00e0tering - AmCatering<\/title>\n<meta name=\"description\" content=\"El nostre equip de dietistes professionals garanteix men\u00fas equilibrats i adaptats a qualsevol necessitat m\u00e8dica o al\u00b7l\u00e8rgia al seu centre.\" \/>\n<meta name=\"robots\" content=\"index, follow, max-snippet:-1, max-image-preview:large, max-video-preview:-1\" \/>\n<link rel=\"canonical\" href=\"https:\/\/amcatering3000.com\/es\/serveis\/dietetica-i-nutricio\/\" \/>\n<meta property=\"og:locale\" content=\"es_ES\" \/>\n<meta property=\"og:type\" content=\"article\" \/>\n<meta property=\"og:title\" content=\"Diet\u00e8tica i nutrici\u00f3 professional per a c\u00e0tering - AmCatering\" \/>\n<meta property=\"og:description\" content=\"El nostre equip de dietistes professionals garanteix men\u00fas equilibrats i adaptats a qualsevol necessitat m\u00e8dica o al\u00b7l\u00e8rgia al seu centre.\" \/>\n<meta property=\"og:url\" content=\"https:\/\/amcatering3000.com\/es\/serveis\/dietetica-i-nutricio\/\" \/>\n<meta property=\"og:site_name\" content=\"AmCatering3000\" \/>\n<meta property=\"article:modified_time\" content=\"2025-12-11T10:59:35+00:00\" \/>\n<meta name=\"twitter:card\" content=\"summary_large_image\" \/>\n<meta name=\"twitter:label1\" content=\"Tiempo de lectura\" \/>\n\t<meta name=\"twitter:data1\" content=\"2 minutos\" \/>\n<script type=\"application\/ld+json\" class=\"yoast-schema-graph\">{\"@context\":\"https:\\\/\\\/schema.org\",\"@graph\":[{\"@type\":\"WebPage\",\"@id\":\"https:\\\/\\\/amcatering3000.com\\\/es\\\/serveis\\\/dietetica-i-nutricio\\\/\",\"url\":\"https:\\\/\\\/amcatering3000.com\\\/es\\\/serveis\\\/dietetica-i-nutricio\\\/\",\"name\":\"Diet\u00e8tica i nutrici\u00f3 professional per a c\u00e0tering - AmCatering\",\"isPartOf\":{\"@id\":\"https:\\\/\\\/amcatering3000.com\\\/es\\\/#website\"},\"datePublished\":\"2025-12-11T10:17:48+00:00\",\"dateModified\":\"2025-12-11T10:59:35+00:00\",\"description\":\"El nostre equip de dietistes professionals garanteix men\u00fas equilibrats i adaptats a qualsevol necessitat m\u00e8dica o al\u00b7l\u00e8rgia al seu centre.\",\"breadcrumb\":{\"@id\":\"https:\\\/\\\/amcatering3000.com\\\/es\\\/serveis\\\/dietetica-i-nutricio\\\/#breadcrumb\"},\"inLanguage\":\"es\",\"potentialAction\":[{\"@type\":\"ReadAction\",\"target\":[\"https:\\\/\\\/amcatering3000.com\\\/es\\\/serveis\\\/dietetica-i-nutricio\\\/\"]}]},{\"@type\":\"BreadcrumbList\",\"@id\":\"https:\\\/\\\/amcatering3000.com\\\/es\\\/serveis\\\/dietetica-i-nutricio\\\/#breadcrumb\",\"itemListElement\":[{\"@type\":\"ListItem\",\"position\":1,\"name\":\"Portada\",\"item\":\"https:\\\/\\\/amcatering3000.com\\\/es\\\/inici\\\/\"},{\"@type\":\"ListItem\",\"position\":2,\"name\":\"Serveis\",\"item\":\"https:\\\/\\\/amcatering3000.com\\\/es\\\/serveis\\\/\"},{\"@type\":\"ListItem\",\"position\":3,\"name\":\"Diet\u00e8tica i nutrici\u00f3\"}]},{\"@type\":\"WebSite\",\"@id\":\"https:\\\/\\\/amcatering3000.com\\\/es\\\/#website\",\"url\":\"https:\\\/\\\/amcatering3000.com\\\/es\\\/\",\"name\":\"AmCatering3000\",\"description\":\"\",\"potentialAction\":[{\"@type\":\"SearchAction\",\"target\":{\"@type\":\"EntryPoint\",\"urlTemplate\":\"https:\\\/\\\/amcatering3000.com\\\/es\\\/?s={search_term_string}\"},\"query-input\":{\"@type\":\"PropertyValueSpecification\",\"valueRequired\":true,\"valueName\":\"search_term_string\"}}],\"inLanguage\":\"es\"}]}<\/script>\n<!-- \/ Yoast SEO plugin. -->","yoast_head_json":{"title":"Diet\u00e8tica i nutrici\u00f3 professional per a c\u00e0tering - AmCatering","description":"El nostre equip de dietistes professionals garanteix men\u00fas equilibrats i adaptats a qualsevol necessitat m\u00e8dica o al\u00b7l\u00e8rgia al seu centre.","robots":{"index":"index","follow":"follow","max-snippet":"max-snippet:-1","max-image-preview":"max-image-preview:large","max-video-preview":"max-video-preview:-1"},"canonical":"https:\/\/amcatering3000.com\/es\/serveis\/dietetica-i-nutricio\/","og_locale":"es_ES","og_type":"article","og_title":"Diet\u00e8tica i nutrici\u00f3 professional per a c\u00e0tering - AmCatering","og_description":"El nostre equip de dietistes professionals garanteix men\u00fas equilibrats i adaptats a qualsevol necessitat m\u00e8dica o al\u00b7l\u00e8rgia al seu centre.","og_url":"https:\/\/amcatering3000.com\/es\/serveis\/dietetica-i-nutricio\/","og_site_name":"AmCatering3000","article_modified_time":"2025-12-11T10:59:35+00:00","twitter_card":"summary_large_image","twitter_misc":{"Tiempo de lectura":"2 minutos"},"schema":{"@context":"https:\/\/schema.org","@graph":[{"@type":"WebPage","@id":"https:\/\/amcatering3000.com\/es\/serveis\/dietetica-i-nutricio\/","url":"https:\/\/amcatering3000.com\/es\/serveis\/dietetica-i-nutricio\/","name":"Diet\u00e8tica i nutrici\u00f3 professional per a c\u00e0tering - AmCatering","isPartOf":{"@id":"https:\/\/amcatering3000.com\/es\/#website"},"datePublished":"2025-12-11T10:17:48+00:00","dateModified":"2025-12-11T10:59:35+00:00","description":"El nostre equip de dietistes professionals garanteix men\u00fas equilibrats i adaptats a qualsevol necessitat m\u00e8dica o al\u00b7l\u00e8rgia al seu centre.","breadcrumb":{"@id":"https:\/\/amcatering3000.com\/es\/serveis\/dietetica-i-nutricio\/#breadcrumb"},"inLanguage":"es","potentialAction":[{"@type":"ReadAction","target":["https:\/\/amcatering3000.com\/es\/serveis\/dietetica-i-nutricio\/"]}]},{"@type":"BreadcrumbList","@id":"https:\/\/amcatering3000.com\/es\/serveis\/dietetica-i-nutricio\/#breadcrumb","itemListElement":[{"@type":"ListItem","position":1,"name":"Portada","item":"https:\/\/amcatering3000.com\/es\/inici\/"},{"@type":"ListItem","position":2,"name":"Serveis","item":"https:\/\/amcatering3000.com\/es\/serveis\/"},{"@type":"ListItem","position":3,"name":"Diet\u00e8tica i nutrici\u00f3"}]},{"@type":"WebSite","@id":"https:\/\/amcatering3000.com\/es\/#website","url":"https:\/\/amcatering3000.com\/es\/","name":"AmCatering3000","description":"","potentialAction":[{"@type":"SearchAction","target":{"@type":"EntryPoint","urlTemplate":"https:\/\/amcatering3000.com\/es\/?s={search_term_string}"},"query-input":{"@type":"PropertyValueSpecification","valueRequired":true,"valueName":"search_term_string"}}],"inLanguage":"es"}]}},"_links":{"self":[{"href":"https:\/\/amcatering3000.com\/es\/wp-json\/wp\/v2\/pages\/198","targetHints":{"allow":["GET"]}}],"collection":[{"href":"https:\/\/amcatering3000.com\/es\/wp-json\/wp\/v2\/pages"}],"about":[{"href":"https:\/\/amcatering3000.com\/es\/wp-json\/wp\/v2\/types\/page"}],"author":[{"embeddable":true,"href":"https:\/\/amcatering3000.com\/es\/wp-json\/wp\/v2\/users\/1"}],"replies":[{"embeddable":true,"href":"https:\/\/amcatering3000.com\/es\/wp-json\/wp\/v2\/comments?post=198"}],"version-history":[{"count":0,"href":"https:\/\/amcatering3000.com\/es\/wp-json\/wp\/v2\/pages\/198\/revisions"}],"up":[{"embeddable":true,"href":"https:\/\/amcatering3000.com\/es\/wp-json\/wp\/v2\/pages\/25"}],"wp:attachment":[{"href":"https:\/\/amcatering3000.com\/es\/wp-json\/wp\/v2\/media?parent=198"}],"curies":[{"name":"wp","href":"https:\/\/api.w.org\/{rel}","templated":true}]}}